{"id":54,"date":"2025-03-12T12:30:20","date_gmt":"2025-03-12T11:30:20","guid":{"rendered":"https:\/\/multimattermeeting.pl\/?page_id=54"},"modified":"2026-03-08T19:12:44","modified_gmt":"2026-03-08T18:12:44","slug":"strona-glowna-2","status":"publish","type":"page","link":"https:\/\/multimattermeeting.pl\/","title":{"rendered":"Strona G\u0142\u00f3wna"},"content":{"rendered":"<p class=\"wp-block-site-tagline\">Trzeba wiedzie\u0107 kiedy wej\u015b\u0107 na scen\u0119!<\/p>\n\n<p><strong>Serdecznie zapraszamy licea z Poznania! Celem ustalenia liczby uczestnik\u00f3w i terminu wizyty, bardzo prosimy o kontakt na mail MultiMatterMeeting@gmail.com<\/strong><\/p>\n<\/p>\n\n\n<p>W dniach 10-12 marca 2026 odb\u0119dzie si\u0119 III edycja wyj\u0105tkowego projektu stworzonego przez uczni\u00f3w klasy IVG w tym roku tworzonego z pomoc\u0105 klasy IIG.<\/p>\n\n\n\n<p>Konferencja biznesowo-naukowa MultiMatterMeeting anga\u017cuje wszystkich uczni\u00f3w LOMM oraz wielu z innych lice\u00f3w w Poznaniu. Trwa trzy dni i skupia ponad trzydziestu go\u015bci, co czyni j\u0105 najrozleglejszym projektem w historii LOMM. Jej celem jest inspirowanie m\u0142odzie\u017cy oraz propagowanie w\u015br\u00f3d niej nieszablonowego my\u015blenia, w kontek\u015bcie planowania przysz\u0142ej kariery zawodowej.<\/p>\n\n\n\n<p>Wydarzenie to stworzyli\u015bmy, aby poszerza\u0107 horyzonty m\u0142odych ludzi, kt\u00f3rzy po wzi\u0119ciu udzia\u0142u w naszych spotkaniach, b\u0119d\u0105 widzieli wi\u0119cej mo\u017cliwo\u015bci samorozwoju i odbiegaj\u0105cych od regu\u0142y pomys\u0142\u00f3w na \u017cycie. Chcemy zach\u0119ca\u0107 do patrzenia szerzej i zwracania uwagi na nurty, bran\u017ce lub profesje, kt\u00f3rych nie przewiduje podstawa programowa liceum. Zale\u017cy nam, aby po\u015br\u00f3d obecnych na MMM temat\u00f3w, ka\u017cdy znalaz\u0142 co\u015b dla siebie. Dlatego zadbali\u015bmy o r\u00f3\u017cnorodno\u015b\u0107 zagadnie\u0144 poruszanych w czasie konferencji, a tak\u017ce o aktywne zdobywanie nowych umiej\u0119tno\u015bci poprzez seri\u0119 warsztat\u00f3w z naszymi go\u015b\u0107mi. Ka\u017cdy z nich wyg\u0142osi expos\u00e9 dotycz\u0105ce swojej kariery, opowie o pocz\u0105tkach w danej bran\u017cy oraz o obecnych efektach swojej pracy.<\/p>\n\n\n\n<p>Podczas spotka\u0144 chcemy przekazywa\u0107 istotne warto\u015bci, dobre nawyki oraz dzieli\u0107 si\u0119 do\u015bwiadczeniem. Cenimy oryginalno\u015b\u0107, progresywno\u015b\u0107, kreatywno\u015b\u0107, rzetelno\u015b\u0107 i odwag\u0119.<\/p>\n\n\n\n<p>Zapraszamy Was do uczestnictwa w naszym wydarzeniu, gdy\u017c jest to inwestycja w wiedz\u0119, kt\u00f3ra z pewno\u015bci\u0105 zaprocentuje w przysz\u0142o\u015bci!<\/p>\n\n\n\n\n\n<p>&nbsp;<\/p>\n\n\n<p><img loading=\"lazy\" decoding=\"async\" width=\"525\" height=\"525\" src=\"https:\/\/multimattermeeting.pl\/wp-content\/uploads\/2025\/03\/cropped-download-4-2-1024x1024.jpg\" alt=\"\" srcset=\"https:\/\/multimattermeeting.pl\/wp-content\/uploads\/2025\/03\/cropped-download-4-2-1024x1024.jpg 1024w, https:\/\/multimattermeeting.pl\/wp-content\/uploads\/2025\/03\/cropped-download-4-2-300x300.jpg 300w, https:\/\/multimattermeeting.pl\/wp-content\/uploads\/2025\/03\/cropped-download-4-2-150x150.jpg 150w, https:\/\/multimattermeeting.pl\/wp-content\/uploads\/2025\/03\/cropped-download-4-2-768x768.jpg 768w, https:\/\/multimattermeeting.pl\/wp-content\/uploads\/2025\/03\/cropped-download-4-2-1536x1536.jpg 1536w, https:\/\/multimattermeeting.pl\/wp-content\/uploads\/2025\/03\/cropped-download-4-2-100x100.jpg 100w, https:\/\/multimattermeeting.pl\/wp-content\/uploads\/2025\/03\/cropped-download-4-2.jpg 2000w\" sizes=\"auto, 100vw\" \/><\/p>","protected":false},"excerpt":{"rendered":"<p>Serdecznie zapraszamy licea z Poznania! Celem ustalenia liczby uczestnik\u00f3w i terminu wizyty, bardzo prosimy o kontakt na mail MultiMatterMeeting@gmail.com W dniach 10-12 marca 2026 odb\u0119dzie si\u0119 III edycja wyj\u0105tkowego projektu stworzonego przez uczni\u00f3w klasy IVG w tym roku tworzonego z pomoc\u0105 klasy IIG. Konferencja biznesowo-naukowa MultiMatterMeeting anga\u017cuje wszystkich uczni\u00f3w LOMM oraz wielu z innych lice\u00f3w &hellip; <\/p>\n<p class=\"link-more\"><a href=\"https:\/\/multimattermeeting.pl\/\" class=\"more-link\">Czytaj dalej<span class=\"screen-reader-text\"> \u201eStrona G\u0142\u00f3wna\u201d<\/span><\/a><\/p>\n","protected":false},"author":1,"featured_media":26,"parent":0,"menu_order":0,"comment_status":"closed","ping_status":"closed","template":"","meta":{"footnotes":""},"class_list":["post-54","page","type-page","status-publish","has-post-thumbnail","hentry"],"_links":{"self":[{"href":"https:\/\/multimattermeeting.pl\/index.php?rest_route=\/wp\/v2\/pages\/54","targetHints":{"allow":["GET"]}}],"collection":[{"href":"https:\/\/multimattermeeting.pl\/index.php?rest_route=\/wp\/v2\/pages"}],"about":[{"href":"https:\/\/multimattermeeting.pl\/index.php?rest_route=\/wp\/v2\/types\/page"}],"author":[{"embeddable":true,"href":"https:\/\/multimattermeeting.pl\/index.php?rest_route=\/wp\/v2\/users\/1"}],"replies":[{"embeddable":true,"href":"https:\/\/multimattermeeting.pl\/index.php?rest_route=%2Fwp%2Fv2%2Fcomments&post=54"}],"version-history":[{"count":25,"href":"https:\/\/multimattermeeting.pl\/index.php?rest_route=\/wp\/v2\/pages\/54\/revisions"}],"predecessor-version":[{"id":289,"href":"https:\/\/multimattermeeting.pl\/index.php?rest_route=\/wp\/v2\/pages\/54\/revisions\/289"}],"wp:featuredmedia":[{"embeddable":true,"href":"https:\/\/multimattermeeting.pl\/index.php?rest_route=\/wp\/v2\/media\/26"}],"wp:attachment":[{"href":"https:\/\/multimattermeeting.pl\/index.php?rest_route=%2Fwp%2Fv2%2Fmedia&parent=54"}],"curies":[{"name":"wp","href":"https:\/\/api.w.org\/{rel}","templated":true}]}}